{"id":110,"date":"2020-07-10T16:36:40","date_gmt":"2020-07-10T16:36:40","guid":{"rendered":"http:\/\/s835426413.mialojamiento.es\/?page_id=110"},"modified":"2025-12-08T14:08:28","modified_gmt":"2025-12-08T14:08:28","slug":"playa-dorada-homes","status":"publish","type":"page","link":"https:\/\/playadoradahomes.com\/","title":{"rendered":"Inicio"},"content":{"rendered":"\t\t<div data-elementor-type=\"wp-page\" data-elementor-id=\"110\" class=\"elementor elementor-110\">\n\t\t\t\t\t\t<section class=\"elementor-section elementor-top-section elementor-element elementor-element-2b227790 elementor-section-content-middle elementor-section-height-min-height elementor-section-full_width elementor-section-height-default elementor-section-items-middle\" data-id=\"2b227790\" data-element_type=\"section\" data-e-type=\"section\" data-settings=\"{&quot;background_background&quot;:&quot;slideshow&quot;,&quot;background_slideshow_gallery&quot;:[{&quot;id&quot;:2678,&quot;url&quot;:&quot;https:\\\/\\\/playadoradahomes.com\\\/wp-content\\\/uploads\\\/2023\\\/07\\\/Playa-Dorada-Web.jpg&quot;},{&quot;id&quot;:1408,&quot;url&quot;:&quot;https:\\\/\\\/playadoradahomes.com\\\/wp-content\\\/uploads\\\/2021\\\/02\\\/IMG_8764-2-scaled.jpg&quot;},{&quot;id&quot;:2626,&quot;url&quot;:&quot;https:\\\/\\\/playadoradahomes.com\\\/wp-content\\\/uploads\\\/2023\\\/06\\\/239A0600.jpg&quot;},{&quot;id&quot;:5856,&quot;url&quot;:&quot;https:\\\/\\\/playadoradahomes.com\\\/wp-content\\\/uploads\\\/2023\\\/07\\\/playa-del-pozo-2437594_1280.jpg&quot;},{&quot;id&quot;:1459,&quot;url&quot;:&quot;https:\\\/\\\/playadoradahomes.com\\\/wp-content\\\/uploads\\\/2021\\\/02\\\/IMG_8858-scaled.jpg&quot;},{&quot;id&quot;:6063,&quot;url&quot;:&quot;https:\\\/\\\/playadoradahomes.com\\\/wp-content\\\/uploads\\\/2025\\\/04\\\/239A5571-scaled.jpg&quot;},{&quot;id&quot;:2273,&quot;url&quot;:&quot;https:\\\/\\\/playadoradahomes.com\\\/wp-content\\\/uploads\\\/2023\\\/03\\\/IMG-0916-scaled.jpg&quot;},{&quot;id&quot;:1784,&quot;url&quot;:&quot;https:\\\/\\\/playadoradahomes.com\\\/wp-content\\\/uploads\\\/2022\\\/02\\\/terraza1-scaled.jpg&quot;},{&quot;id&quot;:6066,&quot;url&quot;:&quot;https:\\\/\\\/playadoradahomes.com\\\/wp-content\\\/uploads\\\/2025\\\/04\\\/239A1845-scaled.jpg&quot;},{&quot;id&quot;:2830,&quot;url&quot;:&quot;https:\\\/\\\/playadoradahomes.com\\\/wp-content\\\/uploads\\\/2023\\\/07\\\/benjamin-knoll-Hw7hfweMjns-unsplash-scaled.jpg&quot;},{&quot;id&quot;:1522,&quot;url&quot;:&quot;https:\\\/\\\/playadoradahomes.com\\\/wp-content\\\/uploads\\\/2021\\\/03\\\/IMG_8953-scaled.jpg&quot;},{&quot;id&quot;:1343,&quot;url&quot;:&quot;https:\\\/\\\/playadoradahomes.com\\\/wp-content\\\/uploads\\\/2021\\\/02\\\/IMG_8697-scaled.jpg&quot;},{&quot;id&quot;:6064,&quot;url&quot;:&quot;https:\\\/\\\/playadoradahomes.com\\\/wp-content\\\/uploads\\\/2025\\\/04\\\/6F3A5139-scaled.jpg&quot;},{&quot;id&quot;:6065,&quot;url&quot;:&quot;https:\\\/\\\/playadoradahomes.com\\\/wp-content\\\/uploads\\\/2025\\\/04\\\/239A6901-scaled.jpg&quot;}],&quot;background_slideshow_transition_duration&quot;:1000,&quot;background_slideshow_loop&quot;:&quot;yes&quot;,&quot;background_slideshow_slide_duration&quot;:5000,&quot;background_slideshow_slide_transition&quot;:&quot;fade&quot;}\">\n\t\t\t\t\t\t\t<div class=\"elementor-background-overlay\"><\/div>\n\t\t\t\t\t\t\t<div class=\"elementor-container elementor-column-gap-no\">\n\t\t\t\t\t<div class=\"elementor-column elementor-col-100 elementor-top-column elementor-element elementor-element-4aa24692\" data-id=\"4aa24692\" data-element_type=\"column\" data-e-type=\"column\" data-settings=\"{&quot;background_background&quot;:&quot;classic&quot;}\">\n\t\t\t<div class=\"elementor-widget-wrap elementor-element-populated\">\n\t\t\t\t\t\t<div class=\"elementor-element elementor-element-d5b96a8 elementor-widget-mobile__width-initial elementor-widget elementor-widget-heading\" data-id=\"d5b96a8\" data-element_type=\"widget\" data-e-type=\"widget\" data-widget_type=\"heading.default\">\n\t\t\t\t<div class=\"elementor-widget-container\">\n\t\t\t\t\t<h2 class=\"elementor-heading-title elementor-size-xxl\">Tu casa en Lanzarote<\/h2>\t\t\t\t<\/div>\n\t\t\t\t<\/div>\n\t\t\t\t<div class=\"elementor-element elementor-element-21cc265 elementor-align-center elementor-widget elementor-widget-button\" data-id=\"21cc265\" data-element_type=\"widget\" data-e-type=\"widget\" data-widget_type=\"button.default\">\n\t\t\t\t<div class=\"elementor-widget-container\">\n\t\t\t\t\t\t\t\t\t<div class=\"elementor-button-wrapper\">\n\t\t\t\t\t<a class=\"elementor-button elementor-button-link elementor-size-sm elementor-animation-pulse-grow\" href=\"https:\/\/playadoradahomes.com\/?page_id=2720\">\n\t\t\t\t\t\t<span class=\"elementor-button-content-wrapper\">\n\t\t\t\t\t\t\t\t\t<span class=\"elementor-button-text\">Reserva<\/span>\n\t\t\t\t\t<\/span>\n\t\t\t\t\t<\/a>\n\t\t\t\t<\/div>\n\t\t\t\t\t\t\t\t<\/div>\n\t\t\t\t<\/div>\n\t\t\t\t<div class=\"elementor-element elementor-element-d6bf0a1 elementor-widget elementor-widget-spacer\" data-id=\"d6bf0a1\" data-element_type=\"widget\" data-e-type=\"widget\" data-widget_type=\"spacer.default\">\n\t\t\t\t<div class=\"elementor-widget-container\">\n\t\t\t\t\t\t\t<div class=\"elementor-spacer\">\n\t\t\t<div class=\"elementor-spacer-inner\"><\/div>\n\t\t<\/div>\n\t\t\t\t\t\t<\/div>\n\t\t\t\t<\/div>\n\t\t\t\t\t<\/div>\n\t\t<\/div>\n\t\t\t\t\t<\/div>\n\t\t<\/section>\n\t\t\t\t<section class=\"elementor-section elementor-top-section elementor-element elementor-element-4381766 elementor-section-full_width elementor-section-height-default elementor-section-height-default\" data-id=\"4381766\" data-element_type=\"section\" data-e-type=\"section\" data-settings=\"{&quot;background_background&quot;:&quot;classic&quot;}\">\n\t\t\t\t\t\t<div class=\"elementor-container elementor-column-gap-default\">\n\t\t\t\t\t<div class=\"elementor-column elementor-col-100 elementor-top-column elementor-element elementor-element-de36c97\" data-id=\"de36c97\" data-element_type=\"column\" data-e-type=\"column\">\n\t\t\t<div class=\"elementor-widget-wrap elementor-element-populated\">\n\t\t\t\t\t\t<div class=\"elementor-element elementor-element-97507a7 elementor-widget elementor-widget-spacer\" data-id=\"97507a7\" data-element_type=\"widget\" data-e-type=\"widget\" data-widget_type=\"spacer.default\">\n\t\t\t\t<div class=\"elementor-widget-container\">\n\t\t\t\t\t\t\t<div class=\"elementor-spacer\">\n\t\t\t<div class=\"elementor-spacer-inner\"><\/div>\n\t\t<\/div>\n\t\t\t\t\t\t<\/div>\n\t\t\t\t<\/div>\n\t\t\t\t<div class=\"elementor-element elementor-element-edef482 elementor-widget elementor-widget-heading\" data-id=\"edef482\" data-element_type=\"widget\" data-e-type=\"widget\" data-widget_type=\"heading.default\">\n\t\t\t\t<div class=\"elementor-widget-container\">\n\t\t\t\t\t<h2 class=\"elementor-heading-title elementor-size-default\">Queremos que tu estancia en Lanzarote sea perfecta desde el primer momento \ud83c\udfd6\ufe0f<\/h2>\t\t\t\t<\/div>\n\t\t\t\t<\/div>\n\t\t\t\t<div class=\"elementor-element elementor-element-9de87f4 elementor-widget elementor-widget-text-editor\" data-id=\"9de87f4\" data-element_type=\"widget\" data-e-type=\"widget\" data-widget_type=\"text-editor.default\">\n\t\t\t\t<div class=\"elementor-widget-container\">\n\t\t\t\t\t\t\t\t\t<p style=\"text-align: center;\">Espacios amplios, equipados y pensados para que te sientas como en casa desde el primer d\u00eda.<\/p><p style=\"text-align: center;\">Somos anfitriones locales: te ayudamos en todo lo que necesites antes y durante tu estancia.<\/p>\t\t\t\t\t\t\t\t<\/div>\n\t\t\t\t<\/div>\n\t\t\t\t<div class=\"elementor-element elementor-element-a07ce8c elementor-align-center elementor-widget elementor-widget-button\" data-id=\"a07ce8c\" data-element_type=\"widget\" data-e-type=\"widget\" data-widget_type=\"button.default\">\n\t\t\t\t<div class=\"elementor-widget-container\">\n\t\t\t\t\t\t\t\t\t<div class=\"elementor-button-wrapper\">\n\t\t\t\t\t<a class=\"elementor-button elementor-button-link elementor-size-lg elementor-animation-grow\" href=\"https:\/\/playadoradahomes.com\/?page_id=2951\">\n\t\t\t\t\t\t<span class=\"elementor-button-content-wrapper\">\n\t\t\t\t\t\t\t\t\t<span class=\"elementor-button-text\">Nuestras casas<\/span>\n\t\t\t\t\t<\/span>\n\t\t\t\t\t<\/a>\n\t\t\t\t<\/div>\n\t\t\t\t\t\t\t\t<\/div>\n\t\t\t\t<\/div>\n\t\t\t\t<div class=\"elementor-element elementor-element-793dd3d elementor-widget elementor-widget-spacer\" data-id=\"793dd3d\" data-element_type=\"widget\" data-e-type=\"widget\" data-widget_type=\"spacer.default\">\n\t\t\t\t<div class=\"elementor-widget-container\">\n\t\t\t\t\t\t\t<div class=\"elementor-spacer\">\n\t\t\t<div class=\"elementor-spacer-inner\"><\/div>\n\t\t<\/div>\n\t\t\t\t\t\t<\/div>\n\t\t\t\t<\/div>\n\t\t\t\t\t<\/div>\n\t\t<\/div>\n\t\t\t\t\t<\/div>\n\t\t<\/section>\n\t\t\t\t<section class=\"elementor-section elementor-top-section elementor-element elementor-element-435b573 elementor-section-full_width elementor-section-height-min-height elementor-section-content-top elementor-section-height-default elementor-section-items-middle\" data-id=\"435b573\" data-element_type=\"section\" data-e-type=\"section\" data-settings=\"{&quot;background_background&quot;:&quot;classic&quot;}\">\n\t\t\t\t\t\t<div class=\"elementor-container elementor-column-gap-default\">\n\t\t\t\t\t<div class=\"elementor-column elementor-col-100 elementor-top-column elementor-element elementor-element-4500cc9\" data-id=\"4500cc9\" data-element_type=\"column\" data-e-type=\"column\">\n\t\t\t<div class=\"elementor-widget-wrap elementor-element-populated\">\n\t\t\t\t\t\t<div class=\"elementor-element elementor-element-cbd7ec6 elementor-widget elementor-widget-heading\" data-id=\"cbd7ec6\" data-element_type=\"widget\" data-e-type=\"widget\" data-widget_type=\"heading.default\">\n\t\t\t\t<div class=\"elementor-widget-container\">\n\t\t\t\t\t<h2 class=\"elementor-heading-title elementor-size-default\">Descubre Lanzarote<\/h2>\t\t\t\t<\/div>\n\t\t\t\t<\/div>\n\t\t\t\t<div class=\"elementor-element elementor-element-3b7fc3b elementor-widget elementor-widget-text-editor\" data-id=\"3b7fc3b\" data-element_type=\"widget\" data-e-type=\"widget\" data-widget_type=\"text-editor.default\">\n\t\t\t\t<div class=\"elementor-widget-container\">\n\t\t\t\t\t\t\t\t\t<p>Visita nuestro blog y descubre todos los rincones de Lanzarote y las mejores recomendaciones de restaurantes y excursiones.\u00a0<\/p>\t\t\t\t\t\t\t\t<\/div>\n\t\t\t\t<\/div>\n\t\t\t\t<div class=\"elementor-element elementor-element-ba9d695 elementor-align-center elementor-widget elementor-widget-button\" data-id=\"ba9d695\" data-element_type=\"widget\" data-e-type=\"widget\" data-widget_type=\"button.default\">\n\t\t\t\t<div class=\"elementor-widget-container\">\n\t\t\t\t\t\t\t\t\t<div class=\"elementor-button-wrapper\">\n\t\t\t\t\t<a class=\"elementor-button elementor-button-link elementor-size-sm\" href=\"https:\/\/playadoradahomes.com\/?page_id=884\">\n\t\t\t\t\t\t<span class=\"elementor-button-content-wrapper\">\n\t\t\t\t\t\t\t\t\t<span class=\"elementor-button-text\">Haz click aqu\u00ed<\/span>\n\t\t\t\t\t<\/span>\n\t\t\t\t\t<\/a>\n\t\t\t\t<\/div>\n\t\t\t\t\t\t\t\t<\/div>\n\t\t\t\t<\/div>\n\t\t\t\t\t<\/div>\n\t\t<\/div>\n\t\t\t\t\t<\/div>\n\t\t<\/section>\n\t\t\t\t<section class=\"elementor-section elementor-top-section elementor-element elementor-element-4d8f498 elementor-section-boxed elementor-section-height-default elementor-section-height-default\" data-id=\"4d8f498\" data-element_type=\"section\" data-e-type=\"section\">\n\t\t\t\t\t\t<div class=\"elementor-container elementor-column-gap-default\">\n\t\t\t\t\t<div class=\"elementor-column elementor-col-100 elementor-top-column elementor-element elementor-element-69ad16c\" data-id=\"69ad16c\" data-element_type=\"column\" data-e-type=\"column\">\n\t\t\t<div class=\"elementor-widget-wrap elementor-element-populated\">\n\t\t\t\t\t\t<div class=\"elementor-element elementor-element-2fb5956 elementor-widget elementor-widget-spacer\" data-id=\"2fb5956\" data-element_type=\"widget\" data-e-type=\"widget\" data-widget_type=\"spacer.default\">\n\t\t\t\t<div class=\"elementor-widget-container\">\n\t\t\t\t\t\t\t<div class=\"elementor-spacer\">\n\t\t\t<div class=\"elementor-spacer-inner\"><\/div>\n\t\t<\/div>\n\t\t\t\t\t\t<\/div>\n\t\t\t\t<\/div>\n\t\t\t\t<div class=\"elementor-element elementor-element-9f949d6 elementor-widget elementor-widget-heading\" data-id=\"9f949d6\" data-element_type=\"widget\" data-e-type=\"widget\" data-widget_type=\"heading.default\">\n\t\t\t\t<div class=\"elementor-widget-container\">\n\t\t\t\t\t<h2 class=\"elementor-heading-title elementor-size-default\">\u00a1\u00c9chale un vistazo a nuestras casas!<\/h2>\t\t\t\t<\/div>\n\t\t\t\t<\/div>\n\t\t\t\t<div class=\"elementor-element elementor-element-f72c7cc elementor-align-center elementor-widget elementor-widget-button\" data-id=\"f72c7cc\" data-element_type=\"widget\" data-e-type=\"widget\" data-widget_type=\"button.default\">\n\t\t\t\t<div class=\"elementor-widget-container\">\n\t\t\t\t\t\t\t\t\t<div class=\"elementor-button-wrapper\">\n\t\t\t\t\t<a class=\"elementor-button elementor-button-link elementor-size-lg\" href=\"https:\/\/playadoradahomes.com\/?page_id=2951\">\n\t\t\t\t\t\t<span class=\"elementor-button-content-wrapper\">\n\t\t\t\t\t\t\t\t\t<span class=\"elementor-button-text\">Nuestras casas<\/span>\n\t\t\t\t\t<\/span>\n\t\t\t\t\t<\/a>\n\t\t\t\t<\/div>\n\t\t\t\t\t\t\t\t<\/div>\n\t\t\t\t<\/div>\n\t\t\t\t<div class=\"elementor-element elementor-element-3016a89 elementor-widget elementor-widget-spacer\" data-id=\"3016a89\" data-element_type=\"widget\" data-e-type=\"widget\" data-widget_type=\"spacer.default\">\n\t\t\t\t<div class=\"elementor-widget-container\">\n\t\t\t\t\t\t\t<div class=\"elementor-spacer\">\n\t\t\t<div class=\"elementor-spacer-inner\"><\/div>\n\t\t<\/div>\n\t\t\t\t\t\t<\/div>\n\t\t\t\t<\/div>\n\t\t\t\t\t<\/div>\n\t\t<\/div>\n\t\t\t\t\t<\/div>\n\t\t<\/section>\n\t\t\t\t<section class=\"elementor-section elementor-top-section elementor-element elementor-element-499e1bb elementor-section-full_width elementor-section-height-min-height elementor-section-height-default elementor-section-items-middle\" data-id=\"499e1bb\" data-element_type=\"section\" data-e-type=\"section\" data-settings=\"{&quot;background_background&quot;:&quot;classic&quot;}\">\n\t\t\t\t\t\t\t<div class=\"elementor-background-overlay\"><\/div>\n\t\t\t\t\t\t\t<div class=\"elementor-container elementor-column-gap-no\">\n\t\t\t\t\t<div class=\"elementor-column elementor-col-100 elementor-top-column elementor-element elementor-element-65cc9be\" data-id=\"65cc9be\" data-element_type=\"column\" data-e-type=\"column\">\n\t\t\t<div class=\"elementor-widget-wrap elementor-element-populated\">\n\t\t\t\t\t\t<section class=\"elementor-section elementor-inner-section elementor-element elementor-element-f080cbb elementor-section-boxed elementor-section-height-default elementor-section-height-default\" data-id=\"f080cbb\" data-element_type=\"section\" data-e-type=\"section\">\n\t\t\t\t\t\t<div class=\"elementor-container elementor-column-gap-default\">\n\t\t\t\t\t<div class=\"elementor-column elementor-col-33 elementor-inner-column elementor-element elementor-element-d9416b7\" data-id=\"d9416b7\" data-element_type=\"column\" data-e-type=\"column\" data-settings=\"{&quot;background_background&quot;:&quot;classic&quot;}\">\n\t\t\t<div class=\"elementor-widget-wrap elementor-element-populated\">\n\t\t\t\t\t\t<div class=\"elementor-element elementor-element-fb164bc elementor-widget-mobile__width-initial elementor-widget elementor-widget-image\" data-id=\"fb164bc\" data-element_type=\"widget\" data-e-type=\"widget\" data-widget_type=\"image.default\">\n\t\t\t\t<div class=\"elementor-widget-container\">\n\t\t\t\t\t\t\t\t\t\t\t\t\t\t\t<img fetchpriority=\"high\" decoding=\"async\" width=\"1920\" height=\"1280\" src=\"https:\/\/playadoradahomes.com\/wp-content\/uploads\/2023\/07\/239A0700.jpg\" class=\"attachment-full size-full wp-image-2854\" alt=\"\" srcset=\"https:\/\/playadoradahomes.com\/wp-content\/uploads\/2023\/07\/239A0700.jpg 1920w, https:\/\/playadoradahomes.com\/wp-content\/uploads\/2023\/07\/239A0700-300x200.jpg 300w, https:\/\/playadoradahomes.com\/wp-content\/uploads\/2023\/07\/239A0700-1024x683.jpg 1024w, https:\/\/playadoradahomes.com\/wp-content\/uploads\/2023\/07\/239A0700-768x512.jpg 768w, https:\/\/playadoradahomes.com\/wp-content\/uploads\/2023\/07\/239A0700-1536x1024.jpg 1536w, https:\/\/playadoradahomes.com\/wp-content\/uploads\/2023\/07\/239A0700-24x16.jpg 24w, https:\/\/playadoradahomes.com\/wp-content\/uploads\/2023\/07\/239A0700-36x24.jpg 36w, https:\/\/playadoradahomes.com\/wp-content\/uploads\/2023\/07\/239A0700-48x32.jpg 48w\" sizes=\"(max-width: 1920px) 100vw, 1920px\" \/>\t\t\t\t\t\t\t\t\t\t\t\t\t\t\t<\/div>\n\t\t\t\t<\/div>\n\t\t\t\t<div class=\"elementor-element elementor-element-1ca623c elementor-widget elementor-widget-heading\" data-id=\"1ca623c\" data-element_type=\"widget\" data-e-type=\"widget\" data-widget_type=\"heading.default\">\n\t\t\t\t<div class=\"elementor-widget-container\">\n\t\t\t\t\t<h2 class=\"elementor-heading-title elementor-size-default\">Trato personalizado<\/h2>\t\t\t\t<\/div>\n\t\t\t\t<\/div>\n\t\t\t\t<div class=\"elementor-element elementor-element-e600cbb elementor-widget elementor-widget-text-editor\" data-id=\"e600cbb\" data-element_type=\"widget\" data-e-type=\"widget\" data-widget_type=\"text-editor.default\">\n\t\t\t\t<div class=\"elementor-widget-container\">\n\t\t\t\t\t\t\t\t\t<p>Playa dorada homes se caracteriza por un trato personalizado con el cliente y una atenci\u00f3n eficaz a cualquier problema que pueda surgir.\u00a0<\/p>\t\t\t\t\t\t\t\t<\/div>\n\t\t\t\t<\/div>\n\t\t\t\t\t<\/div>\n\t\t<\/div>\n\t\t\t\t<div class=\"elementor-column elementor-col-33 elementor-inner-column elementor-element elementor-element-4d5dde3\" data-id=\"4d5dde3\" data-element_type=\"column\" data-e-type=\"column\" data-settings=\"{&quot;background_background&quot;:&quot;classic&quot;}\">\n\t\t\t<div class=\"elementor-widget-wrap elementor-element-populated\">\n\t\t\t\t\t\t<div class=\"elementor-element elementor-element-ccfe408 elementor-widget elementor-widget-image\" data-id=\"ccfe408\" data-element_type=\"widget\" data-e-type=\"widget\" data-widget_type=\"image.default\">\n\t\t\t\t<div class=\"elementor-widget-container\">\n\t\t\t\t\t\t\t\t\t\t\t\t\t\t\t<img decoding=\"async\" width=\"2560\" height=\"1706\" src=\"https:\/\/playadoradahomes.com\/wp-content\/uploads\/2023\/07\/designecologist-JgU9niNBOgQ-unsplash-scaled.jpg\" class=\"attachment-full size-full wp-image-2886\" alt=\"\" srcset=\"https:\/\/playadoradahomes.com\/wp-content\/uploads\/2023\/07\/designecologist-JgU9niNBOgQ-unsplash-scaled.jpg 2560w, https:\/\/playadoradahomes.com\/wp-content\/uploads\/2023\/07\/designecologist-JgU9niNBOgQ-unsplash-300x200.jpg 300w, https:\/\/playadoradahomes.com\/wp-content\/uploads\/2023\/07\/designecologist-JgU9niNBOgQ-unsplash-1024x682.jpg 1024w, https:\/\/playadoradahomes.com\/wp-content\/uploads\/2023\/07\/designecologist-JgU9niNBOgQ-unsplash-768x512.jpg 768w, https:\/\/playadoradahomes.com\/wp-content\/uploads\/2023\/07\/designecologist-JgU9niNBOgQ-unsplash-1536x1024.jpg 1536w, https:\/\/playadoradahomes.com\/wp-content\/uploads\/2023\/07\/designecologist-JgU9niNBOgQ-unsplash-2048x1365.jpg 2048w, https:\/\/playadoradahomes.com\/wp-content\/uploads\/2023\/07\/designecologist-JgU9niNBOgQ-unsplash-24x16.jpg 24w, https:\/\/playadoradahomes.com\/wp-content\/uploads\/2023\/07\/designecologist-JgU9niNBOgQ-unsplash-36x24.jpg 36w, https:\/\/playadoradahomes.com\/wp-content\/uploads\/2023\/07\/designecologist-JgU9niNBOgQ-unsplash-48x32.jpg 48w\" sizes=\"(max-width: 2560px) 100vw, 2560px\" \/>\t\t\t\t\t\t\t\t\t\t\t\t\t\t\t<\/div>\n\t\t\t\t<\/div>\n\t\t\t\t<div class=\"elementor-element elementor-element-1ecca33 elementor-widget elementor-widget-heading\" data-id=\"1ecca33\" data-element_type=\"widget\" data-e-type=\"widget\" data-widget_type=\"heading.default\">\n\t\t\t\t<div class=\"elementor-widget-container\">\n\t\t\t\t\t<h2 class=\"elementor-heading-title elementor-size-default\">Decoraci\u00f3n<\/h2>\t\t\t\t<\/div>\n\t\t\t\t<\/div>\n\t\t\t\t<div class=\"elementor-element elementor-element-3bf81fd elementor-widget elementor-widget-text-editor\" data-id=\"3bf81fd\" data-element_type=\"widget\" data-e-type=\"widget\" data-widget_type=\"text-editor.default\">\n\t\t\t\t<div class=\"elementor-widget-container\">\n\t\t\t\t\t\t\t\t\t<p>Todas las casas de Playa Dorada Homes cuentan con unos est\u00e1ndares de calidad que hacen que la decoraci\u00f3n est\u00e1 pensada para un disfrute visual y gran comodidad.\u00a0<\/p>\t\t\t\t\t\t\t\t<\/div>\n\t\t\t\t<\/div>\n\t\t\t\t\t<\/div>\n\t\t<\/div>\n\t\t\t\t<div class=\"elementor-column elementor-col-33 elementor-inner-column elementor-element elementor-element-2d20941\" data-id=\"2d20941\" data-element_type=\"column\" data-e-type=\"column\" data-settings=\"{&quot;background_background&quot;:&quot;classic&quot;}\">\n\t\t\t<div class=\"elementor-widget-wrap elementor-element-populated\">\n\t\t\t\t\t\t<div class=\"elementor-element elementor-element-24cbabe elementor-widget elementor-widget-image\" data-id=\"24cbabe\" data-element_type=\"widget\" data-e-type=\"widget\" data-widget_type=\"image.default\">\n\t\t\t\t<div class=\"elementor-widget-container\">\n\t\t\t\t\t\t\t\t\t\t\t\t\t\t\t<img decoding=\"async\" width=\"1500\" height=\"1000\" src=\"https:\/\/playadoradahomes.com\/wp-content\/uploads\/2023\/05\/Interior-05.jpg\" class=\"attachment-full size-full wp-image-2530\" alt=\"\" srcset=\"https:\/\/playadoradahomes.com\/wp-content\/uploads\/2023\/05\/Interior-05.jpg 1500w, https:\/\/playadoradahomes.com\/wp-content\/uploads\/2023\/05\/Interior-05-300x200.jpg 300w, https:\/\/playadoradahomes.com\/wp-content\/uploads\/2023\/05\/Interior-05-1024x683.jpg 1024w, https:\/\/playadoradahomes.com\/wp-content\/uploads\/2023\/05\/Interior-05-768x512.jpg 768w, https:\/\/playadoradahomes.com\/wp-content\/uploads\/2023\/05\/Interior-05-24x16.jpg 24w, https:\/\/playadoradahomes.com\/wp-content\/uploads\/2023\/05\/Interior-05-36x24.jpg 36w, https:\/\/playadoradahomes.com\/wp-content\/uploads\/2023\/05\/Interior-05-48x32.jpg 48w\" sizes=\"(max-width: 1500px) 100vw, 1500px\" \/>\t\t\t\t\t\t\t\t\t\t\t\t\t\t\t<\/div>\n\t\t\t\t<\/div>\n\t\t\t\t<div class=\"elementor-element elementor-element-df7d7f1 elementor-widget elementor-widget-heading\" data-id=\"df7d7f1\" data-element_type=\"widget\" data-e-type=\"widget\" data-widget_type=\"heading.default\">\n\t\t\t\t<div class=\"elementor-widget-container\">\n\t\t\t\t\t<h2 class=\"elementor-heading-title elementor-size-default\">Limpieza <\/h2>\t\t\t\t<\/div>\n\t\t\t\t<\/div>\n\t\t\t\t<div class=\"elementor-element elementor-element-a72b20b elementor-widget elementor-widget-text-editor\" data-id=\"a72b20b\" data-element_type=\"widget\" data-e-type=\"widget\" data-widget_type=\"text-editor.default\">\n\t\t\t\t<div class=\"elementor-widget-container\">\n\t\t\t\t\t\t\t\t\t<p>Antes de cada entrega se realiza un proceso de doble y hasta triple revisi\u00f3n para poder detectar cualquier imperfecci\u00f3n y que el cliente disfrute de sus vacaciones.\u00a0<\/p>\t\t\t\t\t\t\t\t<\/div>\n\t\t\t\t<\/div>\n\t\t\t\t\t<\/div>\n\t\t<\/div>\n\t\t\t\t\t<\/div>\n\t\t<\/section>\n\t\t\t\t<div class=\"elementor-element elementor-element-e4183f9 elementor-align-center elementor-widget elementor-widget-button\" data-id=\"e4183f9\" data-element_type=\"widget\" data-e-type=\"widget\" data-widget_type=\"button.default\">\n\t\t\t\t<div class=\"elementor-widget-container\">\n\t\t\t\t\t\t\t\t\t<div class=\"elementor-button-wrapper\">\n\t\t\t\t\t<a class=\"elementor-button elementor-button-link elementor-size-lg elementor-animation-grow\" href=\"https:\/\/playadoradahomes.com\/?page_id=2951\">\n\t\t\t\t\t\t<span class=\"elementor-button-content-wrapper\">\n\t\t\t\t\t\t\t\t\t<span class=\"elementor-button-text\">Reserva<\/span>\n\t\t\t\t\t<\/span>\n\t\t\t\t\t<\/a>\n\t\t\t\t<\/div>\n\t\t\t\t\t\t\t\t<\/div>\n\t\t\t\t<\/div>\n\t\t\t\t\t<\/div>\n\t\t<\/div>\n\t\t\t\t\t<\/div>\n\t\t<\/section>\n\t\t\t\t<\/div>\n\t\t","protected":false},"excerpt":{"rendered":"<p>Tu casa en Lanzarote Reserva Queremos que tu estancia en Lanzarote sea perfecta desde el primer momento \ud83c\udfd6\ufe0f Espacios amplios, equipados y pensados para que te sientas como en casa desde el primer d\u00eda. Somos anfitriones locales: te ayudamos en todo lo que necesites antes y durante tu estancia. Nuestras casas Descubre Lanzarote Visita nuestro...<\/p>\n","protected":false},"author":1,"featured_media":0,"parent":0,"menu_order":0,"comment_status":"closed","ping_status":"closed","template":"elementor_header_footer","meta":{"_kad_post_transparent":"","_kad_post_title":"","_kad_post_layout":"","_kad_post_sidebar_id":"","_kad_post_content_style":"","_kad_post_vertical_padding":"","_kad_post_feature":"","_kad_post_feature_position":"","_kad_post_header":false,"_kad_post_footer":false,"_kad_post_classname":"","footnotes":""},"class_list":["post-110","page","type-page","status-publish","hentry"],"_links":{"self":[{"href":"https:\/\/playadoradahomes.com\/index.php?rest_route=\/wp\/v2\/pages\/110","targetHints":{"allow":["GET"]}}],"collection":[{"href":"https:\/\/playadoradahomes.com\/index.php?rest_route=\/wp\/v2\/pages"}],"about":[{"href":"https:\/\/playadoradahomes.com\/index.php?rest_route=\/wp\/v2\/types\/page"}],"author":[{"embeddable":true,"href":"https:\/\/playadoradahomes.com\/index.php?rest_route=\/wp\/v2\/users\/1"}],"replies":[{"embeddable":true,"href":"https:\/\/playadoradahomes.com\/index.php?rest_route=%2Fwp%2Fv2%2Fcomments&post=110"}],"version-history":[{"count":252,"href":"https:\/\/playadoradahomes.com\/index.php?rest_route=\/wp\/v2\/pages\/110\/revisions"}],"predecessor-version":[{"id":8640,"href":"https:\/\/playadoradahomes.com\/index.php?rest_route=\/wp\/v2\/pages\/110\/revisions\/8640"}],"wp:attachment":[{"href":"https:\/\/playadoradahomes.com\/index.php?rest_route=%2Fwp%2Fv2%2Fmedia&parent=110"}],"curies":[{"name":"wp","href":"https:\/\/api.w.org\/{rel}","templated":true}]}}